{"id":926,"date":"2021-09-01T10:04:09","date_gmt":"2021-09-01T08:04:09","guid":{"rendered":"https:\/\/www.jhlaviation.com\/t-shaped-sheds\/"},"modified":"2025-11-17T12:02:23","modified_gmt":"2025-11-17T17:02:23","slug":"hangar-t","status":"publish","type":"page","link":"https:\/\/www.jhlaviation.com\/en\/hangar-sales\/hangar-t\/","title":{"rendered":"T hangar"},"content":{"rendered":"[et_pb_section fb_built=&#8221;1&#8243; custom_padding_last_edited=&#8221;off|tablet&#8221; _builder_version=&#8221;4.16&#8243; _module_preset=&#8221;default&#8221; background_color=&#8221;rgba(0,0,0,0.5)&#8221; background_image=&#8221;https:\/\/www.jhlaviation.com\/wp-content\/uploads\/2021\/09\/Fond-hangars.jpg&#8221; background_blend=&#8221;overlay&#8221; height_last_edited=&#8221;off|desktop&#8221; custom_padding=&#8221;||||false|false&#8221; custom_padding_tablet=&#8221;||||false|false&#8221; custom_padding_phone=&#8221;150px||50px||false|false&#8221; locked=&#8221;off&#8221; global_colors_info=&#8221;{}&#8221; custom_css_main_element_last_edited=&#8221;off|desktop&#8221; custom_css_main_element_phone=&#8221;padding-top: 150px !important;&#8221;][et_pb_row _builder_version=&#8221;4.16&#8243; _module_preset=&#8221;default&#8221; width=&#8221;100%&#8221; width_tablet=&#8221;&#8221; width_phone=&#8221;90%&#8221; width_last_edited=&#8221;on|phone&#8221; max_width=&#8221;70%&#8221; max_width_tablet=&#8221;&#8221; max_width_phone=&#8221;&#8221; max_width_last_edited=&#8221;on|phone&#8221; global_colors_info=&#8221;{}&#8221; max_width__hover_enabled=&#8221;off|desktop&#8221;][et_pb_column type=&#8221;4_4&#8243; _builder_version=&#8221;4.16&#8243; _module_preset=&#8221;default&#8221; global_colors_info=&#8221;{}&#8221;][et_pb_text admin_label=&#8221;Hangar en T&#8221; _builder_version=&#8221;4.16&#8243; _module_preset=&#8221;default&#8221; header_font=&#8221;Titillium Web|700||on|||||&#8221; header_text_align=&#8221;left&#8221; header_text_color=&#8221;#FFFFFF&#8221; header_font_size=&#8221;3.38vw&#8221; custom_margin=&#8221;||0px||false|false&#8221; custom_margin_tablet=&#8221;||10px||false|false&#8221; custom_margin_last_edited=&#8221;off|desktop&#8221; header_font_size_tablet=&#8221;45px&#8221; header_font_size_phone=&#8221;40px&#8221; header_font_size_last_edited=&#8221;on|tablet&#8221; global_colors_info=&#8221;{}&#8221;]\n<h1>T hangar<\/h1>\n[\/et_pb_text][et_pb_text admin_label=&#8221;Breadcrumb&#8221; module_class=&#8221;breadcrumbModule&#8221; _builder_version=&#8221;4.16&#8243; _module_preset=&#8221;default&#8221; text_font=&#8221;Titillium Web||||||||&#8221; text_text_color=&#8221;#FFFFFF&#8221; text_font_size=&#8221;1.45vw&#8221; text_line_height=&#8221;1.55em&#8221; link_text_color=&#8221;#FFFFFF&#8221; custom_padding=&#8221;|0px||0px|false|false&#8221; custom_padding_tablet=&#8221;|0%||0%|false|true&#8221; custom_padding_last_edited=&#8221;off|desktop&#8221; text_font_size_tablet=&#8221;24px&#8221; text_font_size_phone=&#8221;22px&#8221; text_font_size_last_edited=&#8221;on|tablet&#8221; locked=&#8221;off&#8221; global_colors_info=&#8221;{}&#8221;]<div class=\"breadcrumbs\" typeof=\"BreadcrumbList\" vocab=\"https:\/\/schema.org\/\"><span>\n<a title=\"Go to Accueil.\" href=\"https:\/\/www.jhlaviation.com\/en\/\" class=\"home\">\n<span>Accueil<\/span><\/a><\/span><\/div>[\/et_pb_text][\/et_pb_column][\/et_pb_row][\/et_pb_section][et_pb_section fb_built=&#8221;1&#8243; custom_padding_last_edited=&#8221;on|phone&#8221; _builder_version=&#8221;4.16&#8243; _module_preset=&#8221;default&#8221; custom_padding=&#8221;6%||6%||true|false&#8221; custom_padding_tablet=&#8221;50px||50px||true|false&#8221; custom_padding_phone=&#8221;40px||40px||true|false&#8221; locked=&#8221;off&#8221; global_colors_info=&#8221;{}&#8221;][et_pb_row column_structure=&#8221;2_5,3_5&#8243; use_custom_gutter=&#8221;on&#8221; gutter_width=&#8221;2&#8243; make_equal=&#8221;on&#8221; disabled_on=&#8221;on|on|on&#8221; _builder_version=&#8221;4.16&#8243; _module_preset=&#8221;default&#8221; width=&#8221;70%&#8221; width_tablet=&#8221;&#8221; width_phone=&#8221;90%&#8221; width_last_edited=&#8221;on|phone&#8221; max_width=&#8221;100%&#8221; custom_padding=&#8221;0px||0px||true|false&#8221; custom_css_main_element=&#8221;overflow: visible !important;||-webkit-box-align: center;||    -ms-flex-align: center;||        align-items: center;&#8221; disabled=&#8221;on&#8221; collapsed=&#8221;off&#8221; global_colors_info=&#8221;{}&#8221;][et_pb_column type=&#8221;2_5&#8243; _builder_version=&#8221;4.16&#8243; _module_preset=&#8221;default&#8221; global_colors_info=&#8221;{}&#8221;][et_pb_gallery gallery_ids=&#8221;803,812&#8243; fullwidth=&#8221;on&#8221; _builder_version=&#8221;4.16&#8243; _module_preset=&#8221;default&#8221; global_colors_info=&#8221;{}&#8221;][\/et_pb_gallery][et_pb_text admin_label=&#8221;Lien&#8221; _builder_version=&#8221;4.16&#8243; _module_preset=&#8221;default&#8221; text_font_size=&#8221;0.9vw&#8221; text_font_size_tablet=&#8221;15px&#8221; text_font_size_phone=&#8221;&#8221; text_font_size_last_edited=&#8221;on|tablet&#8221; locked=&#8221;off&#8221; global_colors_info=&#8221;{}&#8221; link_text_color__hover_enabled=&#8221;on|hover&#8221; link_text_color__hover=&#8221;#6c0000&#8243;]<a href=\"https:\/\/www.jhlaviation.com\/en\/hangar-sales\/\" style=\"padding: 0 5px;\">Hangar sales<\/a> | <a href=\"\/en\/hangars-sale\/door-hangars\/\" style=\"padding: 0 5px;\">2 door Hangars<\/a> | <a href=\"https:\/\/www.jhlaviation.com\/en\/hangar-sales\/row-sheds\/\" style=\"padding: 0 5px;\">Row shed<\/a>[\/et_pb_text][\/et_pb_column][et_pb_column type=&#8221;3_5&#8243; _builder_version=&#8221;4.16&#8243; _module_preset=&#8221;default&#8221; global_colors_info=&#8221;{}&#8221;][et_pb_text disabled_on=&#8221;on|on|on&#8221; admin_label=&#8221;B\u00e2timent de 132 X 34 non divis\u00e9&#8221; _builder_version=&#8221;4.16&#8243; _module_preset=&#8221;default&#8221; text_text_color=&#8221;#767e85&#8243; text_font_size=&#8221;0.88vw&#8221; custom_margin=&#8221;||44px||false|false&#8221; custom_padding=&#8221;|0px||0px|false|true&#8221; custom_padding_tablet=&#8221;|0%||0%|false|true&#8221; custom_padding_last_edited=&#8221;off|desktop&#8221; text_font_size_tablet=&#8221;15px&#8221; text_font_size_phone=&#8221;14px&#8221; text_font_size_last_edited=&#8221;on|phone&#8221; disabled=&#8221;on&#8221; global_colors_info=&#8221;{}&#8221;]\n<ul class=\"hangar\">\n<li>End unit at 110,000$ <strong style=\"color: #6c0000;\">SOLD<\/strong><\/li>\n<li>Middle unit at 105,000$<\/li>\n<li>Insulated and finished inside<\/li>\n<li>Plumbing ready<\/li>\n<li>Electricity Heating<\/li>\n<li>42 X 14 insulated door<\/li>\n<li>Condominium<\/li>\n<\/ul>\n[\/et_pb_text][et_pb_text admin_label=&#8221;B\u00e2timent de 132 X 34 non divis\u00e9&#8221; _builder_version=&#8221;4.16&#8243; _module_preset=&#8221;default&#8221; text_text_color=&#8221;#767e85&#8243; text_font_size=&#8221;0.88vw&#8221; custom_margin=&#8221;||44px||false|false&#8221; custom_padding=&#8221;|0px||0px|false|true&#8221; custom_padding_tablet=&#8221;|0%||0%|false|true&#8221; custom_padding_last_edited=&#8221;off|desktop&#8221; text_font_size_tablet=&#8221;15px&#8221; text_font_size_phone=&#8221;14px&#8221; text_font_size_last_edited=&#8221;on|phone&#8221; global_colors_info=&#8221;{}&#8221;]\n<p>B\u00e2timent de 132 X 34 non divis\u00e9, 4 espaces avec portes individuelles, salon pour pilotes et invit\u00e9s de 16 X 12 et coin atelier de 16 X 12 pour une unit\u00e9 ou \u00e0 partager.<\/p>\n<p>Les portes ont 40 X 12 pieds 2 sont orient\u00e9es nord et deux sont orient\u00e9es sud. 120,000$ pour les unit\u00e9s Nord et 130,000$ pour les unit\u00e9s sud. Ces hangars sont vendus en co-propri\u00e9t\u00e9 indivis\u00e9e. co-propri\u00e9t\u00e9 tr\u00e8s \u00e9conomique. (taxes, entretien et chauffage) Chauff\u00e9 au Gaz naturel.<\/p>\n<p>Enti\u00e8rement gazonn\u00e9 et ou pav\u00e9, et s\u00e9curitaire. Stationnement priv\u00e9, et acc\u00e8s par barri\u00e8re \u00e9lectrique.<\/p>\n[\/et_pb_text][et_pb_button button_url=&#8221;@ET-DC@eyJkeW5hbWljIjp0cnVlLCJjb250ZW50IjoicG9zdF9saW5rX3VybF9wYWdlIiwic2V0dGluZ3MiOnsicG9zdF9pZCI6IjUzMCJ9fQ==@&#8221; button_text=&#8221;Return to hangar sales&#8221; button_alignment=&#8221;left&#8221; admin_label=&#8221;Retour aux vente de hangars&#8221; module_class=&#8221;btnAviation&#8221; _builder_version=&#8221;4.16&#8243; _dynamic_attributes=&#8221;button_url&#8221; _module_preset=&#8221;default&#8221; custom_button=&#8221;on&#8221; button_text_size=&#8221;0.78vw&#8221; button_text_color=&#8221;#6c0000&#8243; button_bg_color=&#8221;rgba(124,124,124,0)&#8221; button_border_width=&#8221;0px&#8221; button_border_radius=&#8221;0px&#8221; button_font=&#8221;Titillium Web|||on|||||&#8221; button_on_hover=&#8221;off&#8221; custom_padding=&#8221;0px|4vw|0px|0px|true|false&#8221; custom_padding_tablet=&#8221;|50px|||true|false&#8221; custom_padding_phone=&#8221;0px||0px|0px|true|false&#8221; custom_padding_last_edited=&#8221;on|phone&#8221; button_text_size_tablet=&#8221;14px&#8221; button_text_size_phone=&#8221;&#8221; button_text_size_last_edited=&#8221;on|desktop&#8221; locked=&#8221;off&#8221; global_colors_info=&#8221;{}&#8221; button_text_color__hover_enabled=&#8221;on|desktop&#8221; button_text_color__hover=&#8221;#000000&#8243;][\/et_pb_button][\/et_pb_column][\/et_pb_row][et_pb_row column_structure=&#8221;2_5,3_5&#8243; use_custom_gutter=&#8221;on&#8221; gutter_width=&#8221;2&#8243; make_equal=&#8221;on&#8221; custom_padding_last_edited=&#8221;on|phone&#8221; _builder_version=&#8221;4.16&#8243; _module_preset=&#8221;default&#8221; width=&#8221;70%&#8221; width_tablet=&#8221;&#8221; width_phone=&#8221;90%&#8221; width_last_edited=&#8221;on|phone&#8221; max_width=&#8221;100%&#8221; custom_padding=&#8221;70px||0px||false|false&#8221; custom_padding_tablet=&#8221;60px||||false|false&#8221; custom_padding_phone=&#8221;50px||||false|false&#8221; custom_css_main_element=&#8221;overflow: visible !important;||-webkit-box-align: center;||    -ms-flex-align: center;||        align-items: center;&#8221; global_colors_info=&#8221;{}&#8221;][et_pb_column type=&#8221;2_5&#8243; _builder_version=&#8221;4.16&#8243; _module_preset=&#8221;default&#8221; global_colors_info=&#8221;{}&#8221;][et_pb_gallery gallery_ids=&#8221;2235,2034&#8243; fullwidth=&#8221;on&#8221; _builder_version=&#8221;4.27.4&#8243; _module_preset=&#8221;default&#8221; hover_enabled=&#8221;0&#8243; global_colors_info=&#8221;{}&#8221; sticky_enabled=&#8221;0&#8243;][\/et_pb_gallery][et_pb_text admin_label=&#8221;Lien&#8221; _builder_version=&#8221;4.16&#8243; _module_preset=&#8221;default&#8221; text_font_size=&#8221;0.9vw&#8221; text_font_size_tablet=&#8221;15px&#8221; text_font_size_phone=&#8221;&#8221; text_font_size_last_edited=&#8221;on|tablet&#8221; locked=&#8221;off&#8221; global_colors_info=&#8221;{}&#8221; link_text_color__hover_enabled=&#8221;on|hover&#8221; link_text_color__hover=&#8221;#6c0000&#8243;]<a href=\"https:\/\/www.jhlaviation.com\/en\/hangar-sales\/\" style=\"padding: 0 5px;\">Hangar sales<\/a> | <a href=\"\/en\/hangars-sale\/door-hangars\/\" style=\"padding: 0 5px;\">2 door Hangars<\/a> | <a href=\"https:\/\/www.jhlaviation.com\/en\/hangar-sales\/row-sheds\/\" style=\"padding: 0 5px;\">Row shed<\/a>[\/et_pb_text][\/et_pb_column][et_pb_column type=&#8221;3_5&#8243; _builder_version=&#8221;4.16&#8243; _module_preset=&#8221;default&#8221; global_colors_info=&#8221;{}&#8221;][et_pb_text admin_label=&#8221;Hangar en T avec Bachelor&#8221; _builder_version=&#8221;4.27.4&#8243; _module_preset=&#8221;default&#8221; text_text_color=&#8221;#767e85&#8243; text_font_size=&#8221;0.88vw&#8221; custom_margin=&#8221;||44px||false|false&#8221; custom_padding=&#8221;|0px||0px|false|true&#8221; custom_padding_tablet=&#8221;|0%||0%|false|true&#8221; custom_padding_last_edited=&#8221;off|desktop&#8221; text_font_size_tablet=&#8221;15px&#8221; text_font_size_phone=&#8221;14px&#8221; text_font_size_last_edited=&#8221;on|phone&#8221; global_colors_info=&#8221;{}&#8221;]\n<p style=\"padding-bottom: 0;\"><strong>T Hangars with Bachelor<\/strong><\/p>\n<ul class=\"hangar\" style=\"margin-bottom: 15px;\">\n<li>Kitchen, living room and bedroom<\/li>\n<li>+ workshop<\/li>\n<li>Fully furnished<\/li>\n<li>Ready to be inhabited<\/li>\n<li>Door 44 feet<\/li>\n<li>230,000$<\/li>\n<\/ul>\n[\/et_pb_text][et_pb_button button_url=&#8221;@ET-DC@eyJkeW5hbWljIjp0cnVlLCJjb250ZW50IjoicG9zdF9saW5rX3VybF9wYWdlIiwic2V0dGluZ3MiOnsicG9zdF9pZCI6IjUzMCJ9fQ==@&#8221; button_text=&#8221;Return to hangar sales&#8221; button_alignment=&#8221;left&#8221; admin_label=&#8221;Retour aux vente de hangars&#8221; module_class=&#8221;btnAviation&#8221; _builder_version=&#8221;4.16&#8243; _dynamic_attributes=&#8221;button_url&#8221; _module_preset=&#8221;default&#8221; custom_button=&#8221;on&#8221; button_text_size=&#8221;0.78vw&#8221; button_text_color=&#8221;#6c0000&#8243; button_bg_color=&#8221;rgba(124,124,124,0)&#8221; button_border_width=&#8221;0px&#8221; button_border_radius=&#8221;0px&#8221; button_font=&#8221;Titillium Web|||on|||||&#8221; button_on_hover=&#8221;off&#8221; custom_padding=&#8221;0px|4vw|0px|0px|true|false&#8221; custom_padding_tablet=&#8221;|50px|||true|false&#8221; custom_padding_phone=&#8221;0px||0px|0px|true|false&#8221; custom_padding_last_edited=&#8221;on|phone&#8221; button_text_size_tablet=&#8221;14px&#8221; button_text_size_phone=&#8221;&#8221; button_text_size_last_edited=&#8221;on|desktop&#8221; locked=&#8221;off&#8221; global_colors_info=&#8221;{}&#8221; button_text_color__hover_enabled=&#8221;on|desktop&#8221; button_text_color__hover=&#8221;#000000&#8243;][\/et_pb_button][\/et_pb_column][\/et_pb_row][\/et_pb_section]\n","protected":false},"excerpt":{"rendered":"<p>T hangar<div class=\"breadcrumbs\" typeof=\"BreadcrumbList\" vocab=\"https:\/\/schema.org\/\"><span>\n<a title=\"Go to Accueil.\" href=\"https:\/\/www.jhlaviation.com\/en\/\" class=\"home\">\n<span>Accueil<\/span><\/a><\/span><\/div>Hangar sales | 2 door Hangars | Row shed End unit at 110,000$ SOLD Middle unit at 105,000$ Insulated and finished inside Plumbing ready Electricity Heating 42 X 14 insulated door Condominium B\u00e2timent de 132 X 34 non divis\u00e9, 4 espaces avec portes individuelles, salon pour pilotes et invit\u00e9s de 16 X 12 [&hellip;]<\/p>\n","protected":false},"author":1,"featured_media":0,"parent":1018,"menu_order":0,"comment_status":"closed","ping_status":"closed","template":"","meta":{"_et_pb_use_builder":"on","_et_pb_old_content":"","_et_gb_content_width":"","footnotes":""},"class_list":["post-926","page","type-page","status-publish","hentry"],"yoast_head":"<!-- This site is optimized with the Yoast SEO plugin v27.5 - https:\/\/yoast.com\/product\/yoast-seo-wordpress\/ -->\n<title>T hangar - JHL Aviation<\/title>\n<meta name=\"robots\" content=\"index, follow, max-snippet:-1, max-image-preview:large, max-video-preview:-1\" \/>\n<link rel=\"canonical\" href=\"https:\/\/www.jhlaviation.com\/en\/hangar-sales\/hangar-t\/\" \/>\n<meta property=\"og:locale\" content=\"en_US\" \/>\n<meta property=\"og:type\" content=\"article\" \/>\n<meta property=\"og:title\" content=\"T hangar - JHL Aviation\" \/>\n<meta property=\"og:description\" content=\"T hangarHangar sales | 2 door Hangars | Row shed End unit at 110,000$ SOLD Middle unit at 105,000$ Insulated and finished inside Plumbing ready Electricity Heating 42 X 14 insulated door Condominium B\u00e2timent de 132 X 34 non divis\u00e9, 4 espaces avec portes individuelles, salon pour pilotes et invit\u00e9s de 16 X 12 [&hellip;]\" \/>\n<meta property=\"og:url\" content=\"https:\/\/www.jhlaviation.com\/en\/hangar-sales\/hangar-t\/\" \/>\n<meta property=\"og:site_name\" content=\"JHL Aviation\" \/>\n<meta property=\"article:modified_time\" content=\"2025-11-17T17:02:23+00:00\" \/>\n<meta name=\"twitter:card\" content=\"summary_large_image\" \/>\n<meta name=\"twitter:label1\" content=\"Est. reading time\" \/>\n\t<meta name=\"twitter:data1\" content=\"1 minute\" \/>\n<script type=\"application\/ld+json\" class=\"yoast-schema-graph\">{\"@context\":\"https:\\\/\\\/schema.org\",\"@graph\":[{\"@type\":\"WebPage\",\"@id\":\"https:\\\/\\\/www.jhlaviation.com\\\/en\\\/hangar-sales\\\/hangar-t\\\/\",\"url\":\"https:\\\/\\\/www.jhlaviation.com\\\/en\\\/hangar-sales\\\/hangar-t\\\/\",\"name\":\"T hangar - JHL Aviation\",\"isPartOf\":{\"@id\":\"https:\\\/\\\/www.jhlaviation.com\\\/#website\"},\"datePublished\":\"2021-09-01T08:04:09+00:00\",\"dateModified\":\"2025-11-17T17:02:23+00:00\",\"breadcrumb\":{\"@id\":\"https:\\\/\\\/www.jhlaviation.com\\\/en\\\/hangar-sales\\\/hangar-t\\\/#breadcrumb\"},\"inLanguage\":\"en-US\",\"potentialAction\":[{\"@type\":\"ReadAction\",\"target\":[\"https:\\\/\\\/www.jhlaviation.com\\\/en\\\/hangar-sales\\\/hangar-t\\\/\"]}]},{\"@type\":\"BreadcrumbList\",\"@id\":\"https:\\\/\\\/www.jhlaviation.com\\\/en\\\/hangar-sales\\\/hangar-t\\\/#breadcrumb\",\"itemListElement\":[{\"@type\":\"ListItem\",\"position\":1,\"name\":\"Accueil\",\"item\":\"https:\\\/\\\/www.jhlaviation.com\\\/en\\\/\"},{\"@type\":\"ListItem\",\"position\":2,\"name\":\"Hangar sales\",\"item\":\"https:\\\/\\\/www.jhlaviation.com\\\/en\\\/hangar-sales\\\/\"},{\"@type\":\"ListItem\",\"position\":3,\"name\":\"T hangar\"}]},{\"@type\":\"WebSite\",\"@id\":\"https:\\\/\\\/www.jhlaviation.com\\\/#website\",\"url\":\"https:\\\/\\\/www.jhlaviation.com\\\/\",\"name\":\"JHL Aviation\",\"description\":\"Sp\u00e9cialis\u00e9e dans la vente et la location de hangars\",\"potentialAction\":[{\"@type\":\"SearchAction\",\"target\":{\"@type\":\"EntryPoint\",\"urlTemplate\":\"https:\\\/\\\/www.jhlaviation.com\\\/?s={search_term_string}\"},\"query-input\":{\"@type\":\"PropertyValueSpecification\",\"valueRequired\":true,\"valueName\":\"search_term_string\"}}],\"inLanguage\":\"en-US\"}]}<\/script>\n<!-- \/ Yoast SEO plugin. -->","yoast_head_json":{"title":"T hangar - JHL Aviation","robots":{"index":"index","follow":"follow","max-snippet":"max-snippet:-1","max-image-preview":"max-image-preview:large","max-video-preview":"max-video-preview:-1"},"canonical":"https:\/\/www.jhlaviation.com\/en\/hangar-sales\/hangar-t\/","og_locale":"en_US","og_type":"article","og_title":"T hangar - JHL Aviation","og_description":"T hangarHangar sales | 2 door Hangars | Row shed End unit at 110,000$ SOLD Middle unit at 105,000$ Insulated and finished inside Plumbing ready Electricity Heating 42 X 14 insulated door Condominium B\u00e2timent de 132 X 34 non divis\u00e9, 4 espaces avec portes individuelles, salon pour pilotes et invit\u00e9s de 16 X 12 [&hellip;]","og_url":"https:\/\/www.jhlaviation.com\/en\/hangar-sales\/hangar-t\/","og_site_name":"JHL Aviation","article_modified_time":"2025-11-17T17:02:23+00:00","twitter_card":"summary_large_image","twitter_misc":{"Est. reading time":"1 minute"},"schema":{"@context":"https:\/\/schema.org","@graph":[{"@type":"WebPage","@id":"https:\/\/www.jhlaviation.com\/en\/hangar-sales\/hangar-t\/","url":"https:\/\/www.jhlaviation.com\/en\/hangar-sales\/hangar-t\/","name":"T hangar - JHL Aviation","isPartOf":{"@id":"https:\/\/www.jhlaviation.com\/#website"},"datePublished":"2021-09-01T08:04:09+00:00","dateModified":"2025-11-17T17:02:23+00:00","breadcrumb":{"@id":"https:\/\/www.jhlaviation.com\/en\/hangar-sales\/hangar-t\/#breadcrumb"},"inLanguage":"en-US","potentialAction":[{"@type":"ReadAction","target":["https:\/\/www.jhlaviation.com\/en\/hangar-sales\/hangar-t\/"]}]},{"@type":"BreadcrumbList","@id":"https:\/\/www.jhlaviation.com\/en\/hangar-sales\/hangar-t\/#breadcrumb","itemListElement":[{"@type":"ListItem","position":1,"name":"Accueil","item":"https:\/\/www.jhlaviation.com\/en\/"},{"@type":"ListItem","position":2,"name":"Hangar sales","item":"https:\/\/www.jhlaviation.com\/en\/hangar-sales\/"},{"@type":"ListItem","position":3,"name":"T hangar"}]},{"@type":"WebSite","@id":"https:\/\/www.jhlaviation.com\/#website","url":"https:\/\/www.jhlaviation.com\/","name":"JHL Aviation","description":"Sp\u00e9cialis\u00e9e dans la vente et la location de hangars","potentialAction":[{"@type":"SearchAction","target":{"@type":"EntryPoint","urlTemplate":"https:\/\/www.jhlaviation.com\/?s={search_term_string}"},"query-input":{"@type":"PropertyValueSpecification","valueRequired":true,"valueName":"search_term_string"}}],"inLanguage":"en-US"}]}},"_links":{"self":[{"href":"https:\/\/www.jhlaviation.com\/en\/wp-json\/wp\/v2\/pages\/926","targetHints":{"allow":["GET"]}}],"collection":[{"href":"https:\/\/www.jhlaviation.com\/en\/wp-json\/wp\/v2\/pages"}],"about":[{"href":"https:\/\/www.jhlaviation.com\/en\/wp-json\/wp\/v2\/types\/page"}],"author":[{"embeddable":true,"href":"https:\/\/www.jhlaviation.com\/en\/wp-json\/wp\/v2\/users\/1"}],"replies":[{"embeddable":true,"href":"https:\/\/www.jhlaviation.com\/en\/wp-json\/wp\/v2\/comments?post=926"}],"version-history":[{"count":7,"href":"https:\/\/www.jhlaviation.com\/en\/wp-json\/wp\/v2\/pages\/926\/revisions"}],"predecessor-version":[{"id":2237,"href":"https:\/\/www.jhlaviation.com\/en\/wp-json\/wp\/v2\/pages\/926\/revisions\/2237"}],"up":[{"embeddable":true,"href":"https:\/\/www.jhlaviation.com\/en\/wp-json\/wp\/v2\/pages\/1018"}],"wp:attachment":[{"href":"https:\/\/www.jhlaviation.com\/en\/wp-json\/wp\/v2\/media?parent=926"}],"curies":[{"name":"wp","href":"https:\/\/api.w.org\/{rel}","templated":true}]}}